{"id":9,"date":"2024-12-24T12:52:11","date_gmt":"2024-12-24T12:52:11","guid":{"rendered":"https:\/\/restaurantedaestacao.com.br\/?page_id=9"},"modified":"2024-12-24T13:07:46","modified_gmt":"2024-12-24T13:07:46","slug":"home","status":"publish","type":"page","link":"https:\/\/restaurantedaestacao.com.br\/","title":{"rendered":"Home"},"content":{"rendered":"\t\t<div data-elementor-type=\"wp-page\" data-elementor-id=\"9\" class=\"elementor elementor-9\">\n\t\t\t\t<div class=\"elementor-element elementor-element-298c4a4 e-con-full e-flex e-con e-parent\" data-id=\"298c4a4\" data-element_type=\"container\" data-settings=\"{&quot;background_background&quot;:&quot;classic&quot;}\">\n\t\t\t\t<div class=\"elementor-element elementor-element-79c737b elementor-widget elementor-widget-image\" data-id=\"79c737b\" data-element_type=\"widget\" data-widget_type=\"image.default\">\n\t\t\t\t<div class=\"elementor-widget-container\">\n\t\t\t\t\t\t\t\t\t\t\t\t\t\t\t<img fetchpriority=\"high\" decoding=\"async\" width=\"1024\" height=\"1024\" src=\"https:\/\/restaurantedaestacao.com.br\/wp-content\/uploads\/2024\/12\/LOGO-1024x1024.png\" class=\"attachment-large size-large wp-image-17\" alt=\"\" srcset=\"https:\/\/restaurantedaestacao.com.br\/wp-content\/uploads\/2024\/12\/LOGO-1024x1024.png 1024w, https:\/\/restaurantedaestacao.com.br\/wp-content\/uploads\/2024\/12\/LOGO-300x300.png 300w, https:\/\/restaurantedaestacao.com.br\/wp-content\/uploads\/2024\/12\/LOGO-150x150.png 150w, https:\/\/restaurantedaestacao.com.br\/wp-content\/uploads\/2024\/12\/LOGO-768x768.png 768w, https:\/\/restaurantedaestacao.com.br\/wp-content\/uploads\/2024\/12\/LOGO.png 1080w\" sizes=\"(max-width: 1024px) 100vw, 1024px\" \/>\t\t\t\t\t\t\t\t\t\t\t\t\t\t\t<\/div>\n\t\t\t\t<\/div>\n\t\t\t\t<div class=\"elementor-element elementor-element-dbbcd09 elementor-widget elementor-widget-heading\" data-id=\"dbbcd09\" data-element_type=\"widget\" data-widget_type=\"heading.default\">\n\t\t\t\t<div class=\"elementor-widget-container\">\n\t\t\t\t\t<h2 class=\"elementor-heading-title elementor-size-default\">Em Breve!\n<\/h2>\t\t\t\t<\/div>\n\t\t\t\t<\/div>\n\t\t\t\t<div class=\"elementor-element elementor-element-feb7255 elementor-widget elementor-widget-text-editor\" data-id=\"feb7255\" data-element_type=\"widget\" data-widget_type=\"text-editor.default\">\n\t\t\t\t<div class=\"elementor-widget-container\">\n\t\t\t\t\t\t\t\t\t<p>Aguarde s\u00f3 mais um pouquinho enquanto finalizamos os \u00faltimos detalhes.<br \/>Logo voc\u00ea poder\u00e1 acessar todas as novidades.<\/p>\t\t\t\t\t\t\t\t<\/div>\n\t\t\t\t<\/div>\n\t\t\t\t<div class=\"elementor-element elementor-element-7ae0203 elementor-widget elementor-widget-text-editor\" data-id=\"7ae0203\" data-element_type=\"widget\" data-widget_type=\"text-editor.default\">\n\t\t\t\t<div class=\"elementor-widget-container\">\n\t\t\t\t\t\t\t\t\t<p>\ud83d\udd27 <strong>P\u00e1gina em Constru\u00e7\u00e3o<\/strong> \ud83d\udd27<br \/>Enquanto isso, fique \u00e0 vontade para explorar nosso Instagram.<\/p>\t\t\t\t\t\t\t\t<\/div>\n\t\t\t\t<\/div>\n\t\t\t\t<div class=\"elementor-element elementor-element-f5bbfdf elementor-shape-rounded elementor-grid-0 e-grid-align-center elementor-widget elementor-widget-social-icons\" data-id=\"f5bbfdf\" data-element_type=\"widget\" data-widget_type=\"social-icons.default\">\n\t\t\t\t<div class=\"elementor-widget-container\">\n\t\t\t\t\t\t\t<div class=\"elementor-social-icons-wrapper elementor-grid\">\n\t\t\t\t\t\t\t<span class=\"elementor-grid-item\">\n\t\t\t\t\t<a class=\"elementor-icon elementor-social-icon elementor-social-icon-instagram elementor-repeater-item-272eddd\" href=\"https:\/\/www.instagram.com\/restaurantedaestacao?utm_source=ig_web_button_share_sheet&#038;igsh=ZDNlZDc0MzIxNw==\" target=\"_blank\">\n\t\t\t\t\t\t<span class=\"elementor-screen-only\">Instagram<\/span>\n\t\t\t\t\t\t<svg class=\"e-font-icon-svg e-fab-instagram\" viewBox=\"0 0 448 512\" xmlns=\"http:\/\/www.w3.org\/2000\/svg\"><path d=\"M224.1 141c-63.6 0-114.9 51.3-114.9 114.9s51.3 114.9 114.9 114.9S339 319.5 339 255.9 287.7 141 224.1 141zm0 189.6c-41.1 0-74.7-33.5-74.7-74.7s33.5-74.7 74.7-74.7 74.7 33.5 74.7 74.7-33.6 74.7-74.7 74.7zm146.4-194.3c0 14.9-12 26.8-26.8 26.8-14.9 0-26.8-12-26.8-26.8s12-26.8 26.8-26.8 26.8 12 26.8 26.8zm76.1 27.2c-1.7-35.9-9.9-67.7-36.2-93.9-26.2-26.2-58-34.4-93.9-36.2-37-2.1-147.9-2.1-184.9 0-35.8 1.7-67.6 9.9-93.9 36.1s-34.4 58-36.2 93.9c-2.1 37-2.1 147.9 0 184.9 1.7 35.9 9.9 67.7 36.2 93.9s58 34.4 93.9 36.2c37 2.1 147.9 2.1 184.9 0 35.9-1.7 67.7-9.9 93.9-36.2 26.2-26.2 34.4-58 36.2-93.9 2.1-37 2.1-147.8 0-184.8zM398.8 388c-7.8 19.6-22.9 34.7-42.6 42.6-29.5 11.7-99.5 9-132.1 9s-102.7 2.6-132.1-9c-19.6-7.8-34.7-22.9-42.6-42.6-11.7-29.5-9-99.5-9-132.1s-2.6-102.7 9-132.1c7.8-19.6 22.9-34.7 42.6-42.6 29.5-11.7 99.5-9 132.1-9s102.7-2.6 132.1 9c19.6 7.8 34.7 22.9 42.6 42.6 11.7 29.5 9 99.5 9 132.1s2.7 102.7-9 132.1z\"><\/path><\/svg>\t\t\t\t\t<\/a>\n\t\t\t\t<\/span>\n\t\t\t\t\t<\/div>\n\t\t\t\t\t\t<\/div>\n\t\t\t\t<\/div>\n\t\t\t\t<\/div>\n\t\t\t\t<\/div>\n\t\t","protected":false},"excerpt":{"rendered":"<p>Em Breve! Aguarde s\u00f3 mais um pouquinho enquanto finalizamos os \u00faltimos detalhes.Logo voc\u00ea poder\u00e1 acessar todas as novidades. \ud83d\udd27 P\u00e1gina em Constru\u00e7\u00e3o \ud83d\udd27Enquanto isso, fique \u00e0 vontade para explorar nosso Instagram. Instagram<\/p>\n","protected":false},"author":1,"featured_media":0,"parent":0,"menu_order":0,"comment_status":"closed","ping_status":"closed","template":"elementor_canvas","meta":{"footnotes":""},"class_list":["post-9","page","type-page","status-publish","hentry"],"_links":{"self":[{"href":"https:\/\/restaurantedaestacao.com.br\/index.php\/wp-json\/wp\/v2\/pages\/9","targetHints":{"allow":["GET"]}}],"collection":[{"href":"https:\/\/restaurantedaestacao.com.br\/index.php\/wp-json\/wp\/v2\/pages"}],"about":[{"href":"https:\/\/restaurantedaestacao.com.br\/index.php\/wp-json\/wp\/v2\/types\/page"}],"author":[{"embeddable":true,"href":"https:\/\/restaurantedaestacao.com.br\/index.php\/wp-json\/wp\/v2\/users\/1"}],"replies":[{"embeddable":true,"href":"https:\/\/restaurantedaestacao.com.br\/index.php\/wp-json\/wp\/v2\/comments?post=9"}],"version-history":[{"count":7,"href":"https:\/\/restaurantedaestacao.com.br\/index.php\/wp-json\/wp\/v2\/pages\/9\/revisions"}],"predecessor-version":[{"id":20,"href":"https:\/\/restaurantedaestacao.com.br\/index.php\/wp-json\/wp\/v2\/pages\/9\/revisions\/20"}],"wp:attachment":[{"href":"https:\/\/restaurantedaestacao.com.br\/index.php\/wp-json\/wp\/v2\/media?parent=9"}],"curies":[{"name":"wp","href":"https:\/\/api.w.org\/{rel}","templated":true}]}}